{"id":236,"date":"2015-05-26T10:02:04","date_gmt":"2015-05-26T12:02:04","guid":{"rendered":"http:\/\/quanticalabs.com\/wptest\/carservice\/?page_id=236"},"modified":"2016-01-25T19:43:25","modified_gmt":"2016-01-25T21:43:25","slug":"publicrelations","status":"publish","type":"page","link":"https:\/\/fogo.lt\/en\/publicrelations\/","title":{"rendered":"Public Relations"},"content":{"rendered":"<p>[vc_row][vc_column]<h2 class=\" box-header\">NAUJIENOS<\/h2><div class=\"vc_row wpb_row vc_row-fluid\"><div class=\"vc_col-sm-6 wpb_column vc_column_container\"><ul class=\"blog clearfix\"><li class=\" post post-1600 type-post status-publish format-standard has-post-thumbnail hentry category-naujienos\"><a class=\"post-image\" href=\"https:\/\/fogo.lt\/en\/kokiomis-medziagomis-privaloma-apsaugoti-tranzitinius-elektros-kabelius-pozeminiuose-garazuose-2\/\" title=\"Kokiomis med\u017eiagomis privaloma apsaugoti tranzitinius elektros kabelius po\u017eeminiuose gara\u017euose?\"><img width=\"865\" height=\"480\" src=\"https:\/\/fogo.lt\/en\/wp-content\/uploads\/2016\/01\/Picture112-865x480.png\" class=\"attachment-blog-post-thumb size-blog-post-thumb wp-post-image\" alt=\"Kokiomis med\u017eiagomis privaloma apsaugoti tranzitinius elektros kabelius po\u017eeminiuose gara\u017euose?\" loading=\"lazy\" title=\"\" srcset=\"https:\/\/fogo.lt\/en\/wp-content\/uploads\/2016\/01\/Picture112.png 865w, https:\/\/fogo.lt\/en\/wp-content\/uploads\/2016\/01\/Picture112-300x167.png 300w, https:\/\/fogo.lt\/en\/wp-content\/uploads\/2016\/01\/Picture112-768x427.png 768w\" sizes=\"(max-width: 865px) 100vw, 865px\" \/><\/a><h3 class=\"box-header align-left\"><a href=\"https:\/\/fogo.lt\/en\/kokiomis-medziagomis-privaloma-apsaugoti-tranzitinius-elektros-kabelius-pozeminiuose-garazuose-2\/\" title=\"Kokiomis med\u017eiagomis privaloma apsaugoti tranzitinius elektros kabelius po\u017eeminiuose gara\u017euose?\">Kokiomis med\u017eiagomis privaloma apsaugoti tranzitinius elektros kabelius po\u017eeminiuose gara\u017euose?<\/a><\/h3><p>Statybos techninio reglamento STR 2.02.08:2005 \u201eAutomobili\u0173 saugykl\u0173 projektavimas\u201c 70p. sako: ..per automobili\u0173 saugyklos patalpas klojant tranzitu in\u017einerines komunikacijas, skirtas pastatui,<\/p>\n<div class=\"vc_row wpb_row vc_row-fluid padding-top-54 padding-bottom-20\"><a title=\"\u203a\u203a\u203a\" href=\"https:\/\/fogo.lt\/en\/kokiomis-medziagomis-privaloma-apsaugoti-tranzitinius-elektros-kabelius-pozeminiuose-garazuose-2\/\" class=\"more\"><span>\u203a\u203a\u203a<\/span><\/a><\/div><\/li><li class=\" post post-1596 type-post status-publish format-standard has-post-thumbnail hentry category-naujienos\"><a class=\"post-image\" href=\"https:\/\/fogo.lt\/en\/vedinimo-ir-dumu-salinimo-sistema-pozeminiuose-garazuose\/\" title=\"V\u0117dinimo ir d\u016bm\u0173 \u0161alinimo sistema po\u017eeminiuose gara\u017euose.\"><img width=\"817\" height=\"480\" src=\"https:\/\/fogo.lt\/en\/wp-content\/uploads\/2016\/01\/Picture110-817x480.png\" class=\"attachment-blog-post-thumb size-blog-post-thumb wp-post-image\" alt=\"V\u0117dinimo ir d\u016bm\u0173 \u0161alinimo sistema po\u017eeminiuose gara\u017euose.\" loading=\"lazy\" title=\"\" \/><\/a><h3 class=\"box-header align-left\"><a href=\"https:\/\/fogo.lt\/en\/vedinimo-ir-dumu-salinimo-sistema-pozeminiuose-garazuose\/\" title=\"V\u0117dinimo ir d\u016bm\u0173 \u0161alinimo sistema po\u017eeminiuose gara\u017euose.\">V\u0117dinimo ir d\u016bm\u0173 \u0161alinimo sistema po\u017eeminiuose gara\u017euose.<\/a><\/h3><p>\u0160iuo metu Lietuvoje netyla diskusijos d\u0117l naujos Jet Thrust sistemos. Ji skirta v\u0117dinimui, taip pat gaisro d\u016bm\u0173 ir duj\u0173 \u0161alinimui,<\/p>\n<div class=\"vc_row wpb_row vc_row-fluid padding-top-54 padding-bottom-20\"><a title=\"\u203a\u203a\u203a\" href=\"https:\/\/fogo.lt\/en\/vedinimo-ir-dumu-salinimo-sistema-pozeminiuose-garazuose\/\" class=\"more\"><span>\u203a\u203a\u203a<\/span><\/a><\/div><\/li><li class=\" post post-1591 type-post status-publish format-standard has-post-thumbnail hentry category-naujienos\"><a class=\"post-image\" href=\"https:\/\/fogo.lt\/en\/netipine-gaisrines-saugos-problema-anglies-pluosto-itempimo-juostu-apsauga\/\" title=\"Netipin\u0117 gaisrin\u0117s saugos problema. Anglies pluo\u0161to \u012ftempimo juost\u0173 apsauga.\"><img width=\"865\" height=\"480\" src=\"https:\/\/fogo.lt\/en\/wp-content\/uploads\/2016\/01\/Picture32-865x480.png\" class=\"attachment-blog-post-thumb size-blog-post-thumb wp-post-image\" alt=\"Netipin\u0117 gaisrin\u0117s saugos problema. Anglies pluo\u0161to \u012ftempimo juost\u0173 apsauga.\" loading=\"lazy\" title=\"\" \/><\/a><h3 class=\"box-header align-left\"><a href=\"https:\/\/fogo.lt\/en\/netipine-gaisrines-saugos-problema-anglies-pluosto-itempimo-juostu-apsauga\/\" title=\"Netipin\u0117 gaisrin\u0117s saugos problema. Anglies pluo\u0161to \u012ftempimo juost\u0173 apsauga.\">Netipin\u0117 gaisrin\u0117s saugos problema. Anglies pluo\u0161to \u012ftempimo juost\u0173 apsauga.<\/a><\/h3><p>Perdangoje privalome i\u0161pjauti ang\u0105 pramoninio lifto naudojimui. Jos sustiprinimui \u017eadame klijuoti anglies pluo\u0161to sutvirtinimo juostas. Kokiu b\u016bdu u\u017etikrinti juost\u0173 atsparum\u0105<\/p>\n<div class=\"vc_row wpb_row vc_row-fluid padding-top-54 padding-bottom-20\"><a title=\"\u203a\u203a\u203a\" href=\"https:\/\/fogo.lt\/en\/netipine-gaisrines-saugos-problema-anglies-pluosto-itempimo-juostu-apsauga\/\" class=\"more\"><span>\u203a\u203a\u203a<\/span><\/a><\/div><\/li><li class=\" post post-1587 type-post status-publish format-standard has-post-thumbnail hentry category-naujienos\"><a class=\"post-image\" href=\"https:\/\/fogo.lt\/en\/plysiai-tarp-sienu-arba-aukstu-perdangu-ir-stikliniu-fasadu-2\/\" title=\"Ply\u0161iai tarp sien\u0173 arba auk\u0161t\u0173 perdang\u0173 ir stiklini\u0173 fasad\u0173.\"><img width=\"865\" height=\"480\" src=\"https:\/\/fogo.lt\/en\/wp-content\/uploads\/2016\/01\/Picture17-865x480.png\" class=\"attachment-blog-post-thumb size-blog-post-thumb wp-post-image\" alt=\"Ply\u0161iai tarp sien\u0173 arba auk\u0161t\u0173 perdang\u0173 ir stiklini\u0173 fasad\u0173.\" loading=\"lazy\" title=\"\" \/><\/a><h3 class=\"box-header align-left\"><a href=\"https:\/\/fogo.lt\/en\/plysiai-tarp-sienu-arba-aukstu-perdangu-ir-stikliniu-fasadu-2\/\" title=\"Ply\u0161iai tarp sien\u0173 arba auk\u0161t\u0173 perdang\u0173 ir stiklini\u0173 fasad\u0173.\">Ply\u0161iai tarp sien\u0173 arba auk\u0161t\u0173 perdang\u0173 ir stiklini\u0173 fasad\u0173.<\/a><\/h3><p>\u0160iuolaikiniuose statiniuose susiduriame su problema kai evakuacini\u0173 laiptini\u0173 sienos arba auk\u0161t\u0173 perdangos glaud\u017eiasi prie stiklini\u0173 fasad\u0173. Koks privalo b\u016bti u\u017etikrintas<\/p>\n<div class=\"vc_row wpb_row vc_row-fluid padding-top-54 padding-bottom-20\"><a title=\"\u203a\u203a\u203a\" href=\"https:\/\/fogo.lt\/en\/plysiai-tarp-sienu-arba-aukstu-perdangu-ir-stikliniu-fasadu-2\/\" class=\"more\"><span>\u203a\u203a\u203a<\/span><\/a><\/div><\/li><li class=\" post post-1581 type-post status-publish format-standard has-post-thumbnail hentry category-naujienos\"><a class=\"post-image\" href=\"https:\/\/fogo.lt\/en\/nestandartiskai-sumontuotu-plastikiniu-vamzdziu-gaisrine-sauga\/\" title=\"Nestandarti\u0161kai sumontuot\u0173 plastikini\u0173 vamzd\u017ei\u0173 gaisrin\u0117 sauga.\"><img width=\"865\" height=\"480\" src=\"https:\/\/fogo.lt\/en\/wp-content\/uploads\/2016\/01\/Picture15-865x480.png\" class=\"attachment-blog-post-thumb size-blog-post-thumb wp-post-image\" alt=\"Nestandarti\u0161kai sumontuot\u0173 plastikini\u0173 vamzd\u017ei\u0173 gaisrin\u0117 sauga.\" loading=\"lazy\" title=\"\" \/><\/a><h3 class=\"box-header align-left\"><a href=\"https:\/\/fogo.lt\/en\/nestandartiskai-sumontuotu-plastikiniu-vamzdziu-gaisrine-sauga\/\" title=\"Nestandarti\u0161kai sumontuot\u0173 plastikini\u0173 vamzd\u017ei\u0173 gaisrin\u0117 sauga.\">Nestandarti\u0161kai sumontuot\u0173 plastikini\u0173 vamzd\u017ei\u0173 gaisrin\u0117 sauga.<\/a><\/h3><p>Da\u017enai plastikiniai vamzd\u017eiai sumontuojami vienas \u0161alia kito. Prie\u0161gaisrin\u0117 gelb\u0117jimo tarnyba neleid\u017eia viena prie\u0161gaisrine mova apsaugoti poros vamzd\u017ei\u0173. Taip pat neai\u0161ku<\/p>\n<div class=\"vc_row wpb_row vc_row-fluid padding-top-54 padding-bottom-20\"><a title=\"\u203a\u203a\u203a\" href=\"https:\/\/fogo.lt\/en\/nestandartiskai-sumontuotu-plastikiniu-vamzdziu-gaisrine-sauga\/\" class=\"more\"><span>\u203a\u203a\u203a<\/span><\/a><\/div><\/li><\/ul><\/div><div class=\"vc_col-sm-6 wpb_column vc_column_container\"><ul class=\"blog clearfix\"><li class=\" post post-1576 type-post status-publish format-standard has-post-thumbnail hentry category-naujienos\"><a class=\"post-image\" href=\"https:\/\/fogo.lt\/en\/metalo-konstrukciju-atsparumo-ugniai-didnimo-priemones-alternatyva-priesgaisriniams-dazams-2\/\" title=\"Metalo konstrukcij\u0173 atsparumo ugniai didnimo priemon\u0117s.  Alternatyva prie\u0161gaisriniams da\u017eams.\"><img width=\"865\" height=\"480\" src=\"https:\/\/fogo.lt\/en\/wp-content\/uploads\/2016\/01\/Picture31-865x480.png\" class=\"attachment-blog-post-thumb size-blog-post-thumb wp-post-image\" alt=\"Metalo konstrukcij\u0173 atsparumo ugniai didnimo priemon\u0117s.  Alternatyva prie\u0161gaisriniams da\u017eams.\" loading=\"lazy\" title=\"\" \/><\/a><h3 class=\"box-header align-left\"><a href=\"https:\/\/fogo.lt\/en\/metalo-konstrukciju-atsparumo-ugniai-didnimo-priemones-alternatyva-priesgaisriniams-dazams-2\/\" title=\"Metalo konstrukcij\u0173 atsparumo ugniai didnimo priemon\u0117s.  Alternatyva prie\u0161gaisriniams da\u017eams.\">Metalo konstrukcij\u0173 atsparumo ugniai didnimo priemon\u0117s.  Alternatyva prie\u0161gaisriniams da\u017eams.<\/a><\/h3><p>Ar gal\u0117tum\u0117te papasakoti apie alternatyvias, prie\u0161gaisriniams da\u017eams, priemones norint u\u017etikrinti metalini\u0173 konstrukcij\u0173 atsparum\u0105 ugniai? Atsako gaisrin\u0117s saugos in\u017einierius Martynas Matulevi\u010dius<\/p>\n<div class=\"vc_row wpb_row vc_row-fluid padding-top-54 padding-bottom-20\"><a title=\"\u203a\u203a\u203a\" href=\"https:\/\/fogo.lt\/en\/metalo-konstrukciju-atsparumo-ugniai-didnimo-priemones-alternatyva-priesgaisriniams-dazams-2\/\" class=\"more\"><span>\u203a\u203a\u203a<\/span><\/a><\/div><\/li><li class=\" post post-1570 type-post status-publish format-standard has-post-thumbnail hentry category-naujienos\"><a class=\"post-image\" href=\"https:\/\/fogo.lt\/en\/1570\/\" title=\"Elektros kabeli\u0173 prie\u0161gaisrin\u0117 apsauga.\"><img width=\"817\" height=\"480\" src=\"https:\/\/fogo.lt\/en\/wp-content\/uploads\/2016\/01\/kabeliai2-817x480.jpg\" class=\"attachment-blog-post-thumb size-blog-post-thumb wp-post-image\" alt=\"Elektros kabeli\u0173 prie\u0161gaisrin\u0117 apsauga.\" loading=\"lazy\" title=\"\" srcset=\"https:\/\/fogo.lt\/en\/wp-content\/uploads\/2016\/01\/kabeliai2.jpg 817w, https:\/\/fogo.lt\/en\/wp-content\/uploads\/2016\/01\/kabeliai2-300x176.jpg 300w, https:\/\/fogo.lt\/en\/wp-content\/uploads\/2016\/01\/kabeliai2-768x451.jpg 768w\" sizes=\"(max-width: 817px) 100vw, 817px\" \/><\/a><h3 class=\"box-header align-left\"><a href=\"https:\/\/fogo.lt\/en\/1570\/\" title=\"Elektros kabeli\u0173 prie\u0161gaisrin\u0117 apsauga.\">Elektros kabeli\u0173 prie\u0161gaisrin\u0117 apsauga.<\/a><\/h3><p>Elektros kabeli\u0173 apsaugos i\u0161bandomos pagal labai plat\u0173 bandymo standart\u0173 spektr\u0105: IEC, LST EN, LST EN ISO ir t.t. Kaip apsaugoti<\/p>\n<div class=\"vc_row wpb_row vc_row-fluid padding-top-54 padding-bottom-20\"><a title=\"\u203a\u203a\u203a\" href=\"https:\/\/fogo.lt\/en\/1570\/\" class=\"more\"><span>\u203a\u203a\u203a<\/span><\/a><\/div><\/li><li class=\" post post-1565 type-post status-publish format-standard has-post-thumbnail hentry category-naujienos\"><a class=\"post-image\" href=\"https:\/\/fogo.lt\/en\/gaisrine-sauga-kulturos-vertybiu-registre-esanciuose-pastatuose-2\/\" title=\"Gaisrin\u0117 sauga kult\u016bros vertybi\u0173 registre esan\u010diuose pastatuose.\"><img width=\"865\" height=\"480\" src=\"https:\/\/fogo.lt\/en\/wp-content\/uploads\/2016\/01\/Picture2-865x480.png\" class=\"attachment-blog-post-thumb size-blog-post-thumb wp-post-image\" alt=\"Gaisrin\u0117 sauga kult\u016bros vertybi\u0173 registre esan\u010diuose pastatuose.\" loading=\"lazy\" title=\"\" \/><\/a><h3 class=\"box-header align-left\"><a href=\"https:\/\/fogo.lt\/en\/gaisrine-sauga-kulturos-vertybiu-registre-esanciuose-pastatuose-2\/\" title=\"Gaisrin\u0117 sauga kult\u016bros vertybi\u0173 registre esan\u010diuose pastatuose.\">Gaisrin\u0117 sauga kult\u016bros vertybi\u0173 registre esan\u010diuose pastatuose.<\/a><\/h3><p>Da\u017eniausiai sutinkamos problemos objektuose \u012ftrauktuose \u012f kult\u016bros vertybi\u0173 registr\u0105 yra: &#8211;\u00a0\u00a0\u00a0\u00a0\u00a0\u00a0\u00a0\u00a0\u00a0 Evakuacini\u0173 i\u0161\u0117jim\u0173 i\u0161 auk\u0161to skai\u010dius; &#8211;\u00a0\u00a0\u00a0\u00a0\u00a0\u00a0\u00a0\u00a0\u00a0 Evakuacijos keli\u0173, laiptataki\u0173<\/p>\n<div class=\"vc_row wpb_row vc_row-fluid padding-top-54 padding-bottom-20\"><a title=\"\u203a\u203a\u203a\" href=\"https:\/\/fogo.lt\/en\/gaisrine-sauga-kulturos-vertybiu-registre-esanciuose-pastatuose-2\/\" class=\"more\"><span>\u203a\u203a\u203a<\/span><\/a><\/div><\/li><li class=\" post post-1562 type-post status-publish format-standard has-post-thumbnail hentry category-naujienos\"><a class=\"post-image\" href=\"https:\/\/fogo.lt\/en\/statiniu-laiptines-virsslegis-ir-dumu-salinimas-vienoje-sistemoje-2\/\" title=\"Statini\u0173 laiptin\u0117s. Vir\u0161sl\u0117gis ir d\u016bm\u0173 \u0161alinimas vienoje sistemoje.\"><img width=\"865\" height=\"480\" src=\"https:\/\/fogo.lt\/en\/wp-content\/uploads\/2016\/01\/Picture1-865x480.png\" class=\"attachment-blog-post-thumb size-blog-post-thumb wp-post-image\" alt=\"Statini\u0173 laiptin\u0117s. Vir\u0161sl\u0117gis ir d\u016bm\u0173 \u0161alinimas vienoje sistemoje.\" loading=\"lazy\" title=\"\" \/><\/a><h3 class=\"box-header align-left\"><a href=\"https:\/\/fogo.lt\/en\/statiniu-laiptines-virsslegis-ir-dumu-salinimas-vienoje-sistemoje-2\/\" title=\"Statini\u0173 laiptin\u0117s. Vir\u0161sl\u0117gis ir d\u016bm\u0173 \u0161alinimas vienoje sistemoje.\">Statini\u0173 laiptin\u0117s. Vir\u0161sl\u0117gis ir d\u016bm\u0173 \u0161alinimas vienoje sistemoje.<\/a><\/h3><p>Smoke Master SMIA tai kompleksinis vir\u0161sl\u0117gio palaikymo laiptin\u0117se sprendimas. Tai lyg ir b\u016bt\u0173 paprasta, niekuo nei\u0161siskirianti sistema, ta\u010diau j\u0105 galima<\/p>\n<div class=\"vc_row wpb_row vc_row-fluid padding-top-54 padding-bottom-20\"><a title=\"\u203a\u203a\u203a\" href=\"https:\/\/fogo.lt\/en\/statiniu-laiptines-virsslegis-ir-dumu-salinimas-vienoje-sistemoje-2\/\" class=\"more\"><span>\u203a\u203a\u203a<\/span><\/a><\/div><\/li><li class=\" post post-1560 type-post status-publish format-standard has-post-thumbnail hentry category-naujienos\"><a class=\"post-image\" href=\"https:\/\/fogo.lt\/en\/dumu-uzuolaidos-kas-tai-2\/\" title=\"D\u016bm\u0173 u\u017euolaidos. Kas tai?\"><img width=\"865\" height=\"480\" src=\"https:\/\/fogo.lt\/en\/wp-content\/uploads\/2015\/11\/test1-865x480.jpg\" class=\"attachment-blog-post-thumb size-blog-post-thumb wp-post-image\" alt=\"D\u016bm\u0173 u\u017euolaidos. Kas tai?\" loading=\"lazy\" title=\"\" \/><\/a><h3 class=\"box-header align-left\"><a href=\"https:\/\/fogo.lt\/en\/dumu-uzuolaidos-kas-tai-2\/\" title=\"D\u016bm\u0173 u\u017euolaidos. Kas tai?\">D\u016bm\u0173 u\u017euolaidos. Kas tai?<\/a><\/h3><p>D\u016bm\u0173 u\u017euolaidas galime vadinti vienu i\u0161 svarbiausi\u0173 d\u016bm\u0173 \u0161alinimo sistemos element\u0173. Pagal standart\u0105 LST EN 12101-1 \u201cD\u016bm\u0173 ir \u0161ilumos valdymo<\/p>\n<div class=\"vc_row wpb_row vc_row-fluid padding-top-54 padding-bottom-20\"><a title=\"\u203a\u203a\u203a\" href=\"https:\/\/fogo.lt\/en\/dumu-uzuolaidos-kas-tai-2\/\" class=\"more\"><span>\u203a\u203a\u203a<\/span><\/a><\/div><\/li><\/ul><\/div><\/div><ul class='pagination clearfix page-margin-top'><li class='selected'><span>1<\/span><\/li><li><a href='https:\/\/fogo.lt\/en\/wp-json\/wp\/v2\/pages\/236\/page\/2\/'>2<\/a><\/li><\/ul>[\/vc_column][\/vc_row][vc_row][vc_column][vc_empty_space][\/vc_column][\/vc_row]<\/p>\n","protected":false},"excerpt":{"rendered":"<p>[vc_row][vc_column][\/vc_column][\/vc_row][vc_row][vc_column][vc_empty_space][\/vc_column][\/vc_row]<\/p>\n","protected":false},"author":1,"featured_media":0,"parent":0,"menu_order":0,"comment_status":"closed","ping_status":"closed","template":"template-default-without-breadcrumbs.php","meta":[],"_links":{"self":[{"href":"https:\/\/fogo.lt\/en\/wp-json\/wp\/v2\/pages\/236"}],"collection":[{"href":"https:\/\/fogo.lt\/en\/wp-json\/wp\/v2\/pages"}],"about":[{"href":"https:\/\/fogo.lt\/en\/wp-json\/wp\/v2\/types\/page"}],"author":[{"embeddable":true,"href":"https:\/\/fogo.lt\/en\/wp-json\/wp\/v2\/users\/1"}],"replies":[{"embeddable":true,"href":"https:\/\/fogo.lt\/en\/wp-json\/wp\/v2\/comments?post=236"}],"version-history":[{"count":1,"href":"https:\/\/fogo.lt\/en\/wp-json\/wp\/v2\/pages\/236\/revisions"}],"predecessor-version":[{"id":1829,"href":"https:\/\/fogo.lt\/en\/wp-json\/wp\/v2\/pages\/236\/revisions\/1829"}],"wp:attachment":[{"href":"https:\/\/fogo.lt\/en\/wp-json\/wp\/v2\/media?parent=236"}],"curies":[{"name":"wp","href":"https:\/\/api.w.org\/{rel}","templated":true}]}}